{"id":309,"date":"2016-05-31T14:48:17","date_gmt":"2016-05-31T14:48:17","guid":{"rendered":"http:\/\/margotkrikhaar.nl\/?page_id=309"},"modified":"2016-05-31T14:49:34","modified_gmt":"2016-05-31T14:49:34","slug":"oogst","status":"publish","type":"page","link":"https:\/\/ontwakeninliefde.nl\/?page_id=309","title":{"rendered":"Oogst"},"content":{"rendered":"<p>30 september 2011<br \/>\nOveral in mijn voor- en achtertuin hangen dikke spinnen in hun web, glinsterend in de zon die ineens weer volop schijnt. Ook in mijn werkkamer heb ik al wekenlang gezelschap van \u2018zuster Spin\u2019, die aan de buitenkant van het raam haar grote web geweven heeft. Ze zit er middenin, of ergens in een hoekje van het raam. Soms zie ik haar gretig naar een klein vliegje snellen dat in haar web gevangen is en meteen wordt opgepeuzeld. Je hoeft helemaal niet naar het bos voor de natuur! IJverig zijn ze, die spinnen, en ik kan het niet over mijn hart verkrijgen ze welbewust op te zuigen als ze in mijn huis zitten; ik pak ze voorzichtig op, spreek geruststellende woorden en gooi ze in de tuin. Sommige mensen vinden mij denk ik een softie&#8230;<br \/>\nDe Indianen zien Spin als de weefster van ons levenslot, een symbool voor het cre\u00ebren van aardse dromen.<\/p>\n<p>Toen ik vorige week op de tv \u2013 zoals velen \u2013 een paar fragmenten van de algemene beschouwingen in de Tweede Kamer zag, kon ik het niet nalaten even een droom te weven.<br \/>\nIk droomde over mijn broeder Geert Wilders, dat hij een cursus vergeving volgde \u2013 en het wonder geschiedde. Hij kreeg het helemaal te pakken, en alle aanvallen verdwenen als sneeuw voor de zon. Zijn verzoenende, opbouwende taal in het parlement werd door ieder gerespecteerd, en strekte alle andere parlementari\u00ebrs tot voorbeeld. Hij inspireerde hen om \u00f3\u00f3k hun projecties onder de loep te nemen en te vergeven: de cursus was bedoeld voor iedereen. Het effect bleef niet uit. Hoewel er nog altijd verschillen in opvatting bestonden tussen de politieke partijen en de diverse kamerleden, was de sfeer er nu een van \u2013 met voorbijzien aan de verschillen \u2013 gezamenlijk de schouders eronder zetten. Regelmatig riep Wilders tegen zijn collega-parlementari\u00ebrs en kabinetsleden: \u201cWat een goed plan, man!\u201d<br \/>\nIk droomde nog even verder, hoe dat een uitwerking had in het hele land, in Europa, in de wereld, waar overal een weerspiegeling van liefde zichtbaar werd, in plaats van aanval&#8230;<\/p>\n<p>Maar zolang het nog niet helemaal zo gaat, moet alles wat geen uiting van liefde is, wel als roep om hulp gezien worden. Gelukkig hoeven we alleen voor onsz\u00e9lf te beslissen om te vergeven \u2013 en een kanaal van liefde te zijn.<\/p>\n<p style=\"padding-left: 30px;\">\u201cDe beste verdediging is, als altijd, niet andermans standpunt aanvallen, maar de waarheid beschermen\u201d (T3.I.2:1).<\/p>\n<p>Er is deze maand heel veel dat \u2018zijn beslag gekregen heeft\u2019. Het was een ware oogstmaand. Zaken die allang speelden of werden voorbereid, begonnen nu ineens het licht te zien. Zo heb ik het script van mijn tweede boek, waar ik ruim een jaar aan gewerkt heb, zojuist voltooid en overgedragen aan Annelies, mijn vriendin en uitgeefster. Haar uitgeverij IPP gaat het publicatieproces nu opnemen &#8211; het is een hele gang tussen manuscript en gedrukt boek, dus dat duurt nog even. Ik kan vast verklappen dat er een heel mooie omslag voor het boek ontworpen is. Een boek schrijven is \u2018een hele bevalling\u2019, en ik voel me op dit moment als een kraamvrouw die gebaard heeft, en nu eerst een tijdje moet bijkomen.<\/p>\n<p>Dat is nog niet alles. Pas geleden had ik een bijzondere ervaring: ik las het begin van mijn boek \u2018Ontwaken in liefde\u2019\u2026 in het Engels! De mij zo bekende tekst, en nu ineens in mooie Engelse zinnen. Ja, het boek wordt vertaald, door Rogier van Vlissingen, bekend van de vertalingen van de Gary Renardboeken (maar hij vertaalt net zo gemakkelijk van het Nederlands naar het Engels). De bedoeling is om het boek (in elk geval in eerste instantie) als e-book uit te brengen in o.a. de Verenigde Staten. Het doet mij verschrikkelijk veel genoegen dat dit (nu al) gebeurt. Ineens drong het tot mij door dat Rogier het boek in New York aan het vertalen is, waar hij woont, maar wat ook de plaats is waar Helen en Bill de Cursus hebben doorgekregen en genoteerd. Dat \u2018Ontwaken in liefde\u2019 nu ook mag landen op deze plek, de bakermat van de Cursus, vind ik heel bijzonder.<br \/>\nDeze initiatieven kunnen overigens alleen maar plaatsvinden omdat er, spontaan, vanuit verschillende kanten financi\u00eble ondersteuning voor de uitgaven komt (datzelfde gold trouwens voor de uitgave van mijn eerste boek). Zelf leef ik al vele jaren op een minimumniveau (en in perioden zelfs daaronder) en ik heb geen reserves voor uitgaven van mijn boeken. Ook uitgeverij IPP heeft geen eigen vermogen; voor elke publicatie moet opnieuw financiering worden gevonden. Boeken uitgeven is relatief duur en levert al met al heel weinig op \u2013 in geld dan. Maar het blijkt dat het, ook wat geld betreft, steeds gewoon goed komt. Mijn financi\u00eble situatie is jarenlang een grote vergevingsles voor mij geweest, maar dat lijkt helemaal voorbij. Waar het gaat om mijn levensonderhoud, of om de boekuitgaven, heb ik geleerd te vertrouwen dat het in orde komt, op welke wijze ook.<br \/>\nNog meer oogst deze maand: het interview met advaitaleraar Jan van Delden en mijzelf in het tijdschrift Inzicht (www.inzicht.org) werd gepubliceerd. En de eerder verschenen reportage in Trouw verscheen in een boekje, genaamd \u2018De fundi-factor van Nederland\u2019.<\/p>\n<p>Twee weken geleden was ik bij de oncoloog en hoorde dat mijn bloedwaarden nog altijd stabiel zijn. De huidige behandeling wordt voorlopig voortgezet en volgende maand komen er weer nieuwe onderzoeken. Desondanks voel ik mijn energiepeil gestaag afnemen, en ik ben blij dat er intussen een heleboel klaar is en dat noodzakelijke dingen geregeld zijn. Zo heb ik inmiddels een testament. Een van de belangrijkste dingen die daarin staat, is dat er na mijn overlijden een stichting komt die mijn \u2018spirituele nalatenschap\u2019 beheert. Zo is het de bedoeling dat de website, met studiehulpen en artikelen, blijft bestaan, en die wordt dan beheerd door de stichting. Zij kunnen ook zorgdragen voor publicatie en vertalingen van mijn boeken.<br \/>\nHet was een beetje vreemd om dit soort dingen te regelen voor als ik niet meer hier ben, en \u2018over mijn graf heen te regeren\u2019, maar het moest wel worden vastgelegd allemaal \u2013 zo werkt het op aarde. En nu geeft het een rustig gevoel dat dit alles na mijn overlijden in goede handen is, en beschikbaar blijft voor studenten van de Cursus.<\/p>\n<p>Tot zover de aardse droom. Volgende keer maar weer over de mystici&#8230;<\/p>\n<p style=\"padding-left: 30px;\">\u201cHoe kunnen illusies Gods Zoon voldoening schenken?<br \/>\nKunnen dromen mij tevredenstellen?<br \/>\nKunnen illusies me geluk brengen?<br \/>\nWat anders kan Uw Zoon voldoening schenken dan de herinnering van U?<br \/>\nIk wil niets minder aanvaarden dan U mij gegeven hebt.\u201d<br \/>\n(WdII.272.t,1:3-6), cursief verwijderd)<\/p>\n<p>&nbsp;<\/p>\n","protected":false},"excerpt":{"rendered":"<p>30 september 2011 Overal in mijn voor- en achtertuin hangen dikke spinnen in hun web, glinsterend in de zon die ineens weer volop schijnt. Ook in mijn werkkamer heb ik al wekenlang gezelschap van \u2018zuster Spin\u2019, die aan de buitenkant van het raam haar grote web geweven heeft. Ze zit er middenin, of ergens in [&hellip;]<\/p>\n","protected":false},"author":1,"featured_media":0,"parent":0,"menu_order":0,"comment_status":"closed","ping_status":"closed","template":"","meta":{"footnotes":""},"class_list":["post-309","page","type-page","status-publish","hentry"],"_links":{"self":[{"href":"https:\/\/ontwakeninliefde.nl\/index.php?rest_route=\/wp\/v2\/pages\/309","targetHints":{"allow":["GET"]}}],"collection":[{"href":"https:\/\/ontwakeninliefde.nl\/index.php?rest_route=\/wp\/v2\/pages"}],"about":[{"href":"https:\/\/ontwakeninliefde.nl\/index.php?rest_route=\/wp\/v2\/types\/page"}],"author":[{"embeddable":true,"href":"https:\/\/ontwakeninliefde.nl\/index.php?rest_route=\/wp\/v2\/users\/1"}],"replies":[{"embeddable":true,"href":"https:\/\/ontwakeninliefde.nl\/index.php?rest_route=%2Fwp%2Fv2%2Fcomments&post=309"}],"version-history":[{"count":3,"href":"https:\/\/ontwakeninliefde.nl\/index.php?rest_route=\/wp\/v2\/pages\/309\/revisions"}],"predecessor-version":[{"id":312,"href":"https:\/\/ontwakeninliefde.nl\/index.php?rest_route=\/wp\/v2\/pages\/309\/revisions\/312"}],"wp:attachment":[{"href":"https:\/\/ontwakeninliefde.nl\/index.php?rest_route=%2Fwp%2Fv2%2Fmedia&parent=309"}],"curies":[{"name":"wp","href":"https:\/\/api.w.org\/{rel}","templated":true}]}}