{"id":284,"date":"2016-05-31T14:06:51","date_gmt":"2016-05-31T14:06:51","guid":{"rendered":"http:\/\/margotkrikhaar.nl\/?page_id=284"},"modified":"2018-07-04T13:13:35","modified_gmt":"2018-07-04T13:13:35","slug":"lesinformatie","status":"publish","type":"page","link":"https:\/\/ontwakeninliefde.nl\/?page_id=284","title":{"rendered":"Lesinformatie"},"content":{"rendered":"<p>Margot heeft verschillende jaargroepen\u00a0verzorgd over\u00a0<em>Een cursus in wonderen<\/em>. Tijdens deze lessen stond telkens een thema centraal. De lesinformatie met toelichting op het thema, citaten uit de Cursus, leestips en een oefening kregen de studenten op papier mee naar huis.<\/p>\n<p>Hieronder een aantal van deze documenten met lesinformatie, voor eigen gebruik en in studiegroepen (met bronvermelding).\u00a0Deze lijst zal in de loop van de tijd worden aangevuld.<\/p>\n<ol>\n<li><a href=\"http:\/\/margotkrikhaar.nl\/wp-content\/uploads\/2016\/10\/2007-11-Vertrouwen.pdf\" target=\"_blank\" rel=\"noopener noreferrer\">Vertrouwen<\/a><\/li>\n<li><a href=\"http:\/\/margotkrikhaar.nl\/wp-content\/uploads\/2016\/10\/2008-07-Leiding-volgen.pdf\" target=\"_blank\" rel=\"noopener noreferrer\">Innerlijke leiding volgen<\/a><\/li>\n<li><a href=\"http:\/\/margotkrikhaar.nl\/wp-content\/uploads\/2016\/10\/2008-02-Voel-nooit-onvrede-om-de-reden.pdf\" target=\"_blank\" rel=\"noopener noreferrer\">Ik voel nooit onvrede om de reden die ik denk<\/a><\/li>\n<li><a href=\"http:\/\/margotkrikhaar.nl\/wp-content\/uploads\/2016\/10\/2008-05-Laat-wonderen-alle-grieven-vervangen.pdf\" target=\"_blank\" rel=\"noopener noreferrer\">Het wonder als omslag in waarneming<\/a> (&#8216;Laat wonderen alle grieven vervangen&#8217;)<\/li>\n<li><a href=\"http:\/\/margotkrikhaar.nl\/wp-content\/uploads\/2016\/10\/2008-11-Gelaat-van-Christus.pdf\" target=\"_blank\" rel=\"noopener noreferrer\">Het Gelaat van Christus<\/a><\/li>\n<li><a href=\"http:\/\/margotkrikhaar.nl\/wp-content\/uploads\/2016\/10\/2007-10-ik-ben-zoals-God.pdf\" target=\"_blank\" rel=\"noopener noreferrer\">Ik ben zoals God mij geschapen heeft<\/a><\/li>\n<li><a href=\"http:\/\/margotkrikhaar.nl\/wp-content\/uploads\/2016\/10\/2008-03-er-is-niets-wat-mijn-heiligheid.pdf\" target=\"_blank\" rel=\"noopener noreferrer\">Er is niets wat mijn heiligheid niet kan<\/a><\/li>\n<li><a href=\"http:\/\/ontwakeninliefde.nl\/wp-content\/uploads\/2016\/12\/Geven-en-ontvangen.pdf\" target=\"_blank\" rel=\"noopener noreferrer\">Geven en ontvangen zijn in waarheid \u00e9\u00e9n<\/a><\/li>\n<li><a href=\"http:\/\/ontwakeninliefde.nl\/wp-content\/uploads\/2016\/12\/Doel-HG.pdf\" target=\"_blank\" rel=\"noopener noreferrer\">Het doel van de Heilige Geest als richtlijn in je leven<\/a><\/li>\n<li><a href=\"http:\/\/ontwakeninliefde.nl\/wp-content\/uploads\/2016\/12\/Afzonderlijke-belangen.pdf\" target=\"_blank\" rel=\"noopener noreferrer\">Afzonderlijke belangen of gezamenlijk belang<\/a><\/li>\n<li><a href=\"http:\/\/ontwakeninliefde.nl\/wp-content\/uploads\/2016\/12\/Kijken-naar-ego.pdf\" target=\"_blank\" rel=\"noopener noreferrer\">Kijken naar het ego<\/a><\/li>\n<li><a href=\"http:\/\/ontwakeninliefde.nl\/wp-content\/uploads\/2017\/06\/Vicieuze-cirkel.pdf\" target=\"_blank\" rel=\"noopener noreferrer\">De vicieuze cirkel van schuld en aanval<\/a><\/li>\n<li><a href=\"http:\/\/ontwakeninliefde.nl\/wp-content\/uploads\/2017\/06\/Projectie-maakt-waarneming.pdf\" target=\"_blank\" rel=\"noopener noreferrer\">Projectie maakt waarneming<\/a><\/li>\n<li><a href=\"http:\/\/ontwakeninliefde.nl\/wp-content\/uploads\/2017\/06\/Heilig-ogenblik.pdf\" target=\"_blank\" rel=\"noopener noreferrer\">Heilig ogenblik<\/a><\/li>\n<li><a href=\"http:\/\/ontwakeninliefde.nl\/wp-content\/uploads\/2017\/06\/Het-lichaam.pdf\" target=\"_blank\" rel=\"noopener noreferrer\">Het lichaam<\/a><\/li>\n<li><a href=\"http:\/\/ontwakeninliefde.nl\/wp-content\/uploads\/2017\/06\/De-tijd-als-projectie-van-zonde-schuld-en-angst.pdf\" target=\"_blank\" rel=\"noopener noreferrer\">De tijd als projectie van zonde, schuld en angst<\/a><\/li>\n<li><a href=\"http:\/\/ontwakeninliefde.nl\/wp-content\/uploads\/2017\/06\/Ideeen-verlaten-hun-bron-niet.pdf\" target=\"_blank\" rel=\"noopener noreferrer\">Idee\u00ebn verlaten hun bron niet<\/a><\/li>\n<li><a href=\"http:\/\/ontwakeninliefde.nl\/wp-content\/uploads\/2017\/06\/E\u00e9n-probleem-\u00e9\u00e9n-oplossing.pdf\" target=\"_blank\" rel=\"noopener noreferrer\">E\u00e9n probleem, \u00e9\u00e9n oplossing<\/a><\/li>\n<li><a href=\"http:\/\/ontwakeninliefde.nl\/wp-content\/uploads\/2017\/06\/Een-beetje-bereidwilligheid.pdf\" target=\"_blank\" rel=\"noopener noreferrer\">Een beetje bereidwilligheid<\/a><\/li>\n<li><a href=\"http:\/\/ontwakeninliefde.nl\/wp-content\/uploads\/2017\/06\/Grootheid-kleinheid-en-grootheidswaan.pdf\" target=\"_blank\" rel=\"noopener noreferrer\">Grootheid, kleinheid en grootheidswaan<\/a><\/li>\n<li><a href=\"http:\/\/ontwakeninliefde.nl\/wp-content\/uploads\/2017\/06\/Verdedigingen-maken-de-angst-echt.pdf\" target=\"_blank\" rel=\"noopener noreferrer\">Verdedigingen maken de angst echt<\/a><\/li>\n<li><a href=\"http:\/\/ontwakeninliefde.nl\/wp-content\/uploads\/2017\/12\/Rechtvaardiging-van-ego-aanvallen.pdf\" target=\"_blank\" rel=\"noopener noreferrer\">Rechtvaardiging van ego-aanvallen<\/a><\/li>\n<li><a href=\"http:\/\/ontwakeninliefde.nl\/wp-content\/uploads\/2017\/12\/Oorzaak-en-gevolg.pdf\" target=\"_blank\" rel=\"noopener noreferrer\">Oorzaak en gevolg<\/a><\/li>\n<li><a href=\"http:\/\/ontwakeninliefde.nl\/wp-content\/uploads\/2017\/12\/Verzoening.pdf\" target=\"_blank\" rel=\"noopener noreferrer\">Verzoening<\/a><\/li>\n<li><a href=\"http:\/\/ontwakeninliefde.nl\/wp-content\/uploads\/2017\/12\/Vorm-en-inhoud.pdf\" target=\"_blank\" rel=\"noopener noreferrer\">Vorm en inhoud<\/a><\/li>\n<li><a href=\"http:\/\/ontwakeninliefde.nl\/wp-content\/uploads\/2017\/12\/Speciaalheid.pdf\" target=\"_blank\" rel=\"noopener noreferrer\">Speciaalheid<\/a><\/li>\n<li><a href=\"http:\/\/ontwakeninliefde.nl\/wp-content\/uploads\/2017\/12\/De-wereld.pdf\" target=\"_blank\" rel=\"noopener noreferrer\">De wereld<\/a><\/li>\n<li><a href=\"http:\/\/ontwakeninliefde.nl\/wp-content\/uploads\/2017\/12\/Magie.pdf\" target=\"_blank\" rel=\"noopener noreferrer\">Magie<\/a><\/li>\n<li><a href=\"http:\/\/ontwakeninliefde.nl\/wp-content\/uploads\/2018\/07\/Het-werkelijke-alternatief.pdf\" target=\"_blank\" rel=\"noopener noreferrer\">Het werkelijke alternatief<\/a><\/li>\n<\/ol>\n<p>&nbsp;<\/p>\n<p>&nbsp;<\/p>\n<p>&nbsp;<\/p>\n<p>&nbsp;<\/p>\n<p><small>Laatst gewijzigd:\u00a04 juli 2018<\/small><\/p>\n","protected":false},"excerpt":{"rendered":"<p>Margot heeft verschillende jaargroepen\u00a0verzorgd over\u00a0Een cursus in wonderen. Tijdens deze lessen stond telkens een thema centraal. De lesinformatie met toelichting op het thema, citaten uit de Cursus, leestips en een oefening kregen de studenten op papier mee naar huis. Hieronder een aantal van deze documenten met lesinformatie, voor eigen gebruik en in studiegroepen (met bronvermelding).\u00a0Deze [&hellip;]<\/p>\n","protected":false},"author":1,"featured_media":0,"parent":0,"menu_order":0,"comment_status":"closed","ping_status":"closed","template":"","meta":{"footnotes":""},"class_list":["post-284","page","type-page","status-publish","hentry"],"_links":{"self":[{"href":"https:\/\/ontwakeninliefde.nl\/index.php?rest_route=\/wp\/v2\/pages\/284","targetHints":{"allow":["GET"]}}],"collection":[{"href":"https:\/\/ontwakeninliefde.nl\/index.php?rest_route=\/wp\/v2\/pages"}],"about":[{"href":"https:\/\/ontwakeninliefde.nl\/index.php?rest_route=\/wp\/v2\/types\/page"}],"author":[{"embeddable":true,"href":"https:\/\/ontwakeninliefde.nl\/index.php?rest_route=\/wp\/v2\/users\/1"}],"replies":[{"embeddable":true,"href":"https:\/\/ontwakeninliefde.nl\/index.php?rest_route=%2Fwp%2Fv2%2Fcomments&post=284"}],"version-history":[{"count":52,"href":"https:\/\/ontwakeninliefde.nl\/index.php?rest_route=\/wp\/v2\/pages\/284\/revisions"}],"predecessor-version":[{"id":998,"href":"https:\/\/ontwakeninliefde.nl\/index.php?rest_route=\/wp\/v2\/pages\/284\/revisions\/998"}],"wp:attachment":[{"href":"https:\/\/ontwakeninliefde.nl\/index.php?rest_route=%2Fwp%2Fv2%2Fmedia&parent=284"}],"curies":[{"name":"wp","href":"https:\/\/api.w.org\/{rel}","templated":true}]}}