{"id":213,"date":"2016-05-31T09:57:02","date_gmt":"2016-05-31T09:57:02","guid":{"rendered":"http:\/\/margotkrikhaar.nl\/?page_id=213"},"modified":"2016-05-31T09:57:25","modified_gmt":"2016-05-31T09:57:25","slug":"vergeven","status":"publish","type":"page","link":"https:\/\/ontwakeninliefde.nl\/?page_id=213","title":{"rendered":"Vergeven"},"content":{"rendered":"<p>7 maart 2011<br \/>\nIn het weekend herstel ik langzaam van de schok en probeer mijn normale ritme enigszins op te pakken. Na de heftige allergische reactie op de eerste infuuskuur en de hoge koorts, voel ik me nog steeds wat wazig, en ik heb veel behoefte aan slaap. \u2018s Nachts heb ik een vreemde droom &#8211; hoewel ik normaliter weinig droom, dus misschien komt dat ook door de koorts. De droom gaat over de Cursus:<\/p>\n<p>Ik was op een feestelijke bijeenkomst van Miracles in Contact vanwege de verschijning van een splinternieuwe uitgave van de Cursus. De nieuwe uitgave zag er erg mooi uit. Het formaat was nog kleiner geworden, het papier nog dunner en het boek had een stevige maar flexibele kaft en lag lekker in de hand. Maar het meest bijzondere was dat de Cursus dit keer helemaal in kleur was uitgegeven. Zowel de kaft als alle binnenpagina\u2019s hadden verschillende, in elkaar overlopende kleuren. De letters waren niet in zwart maar in wit erop gedrukt. Een paar mensen lieten me de nieuwe Cursus zien. \u201cKijk eens, wat leuk&#8230; wat leuk&#8230; wat leuk&#8230;\u201d klonk het van alle kanten. Ik bekeek het boek en zei hetzelfde: \u201cGoh, wat leuk, al die kleuren&#8230;\u201d Met enige spijt bedacht ik dat ik niet aan zo\u2019n mooi, nieuw exemplaar van de Cursus zou toekomen. Tegen de tijd dat mijn huidige boek versleten was, zou ik hier niet meer zijn.<br \/>\nToen stelde iemand mij een vraag over een werkboekles. Ik pakte de nieuwe Cursusuitgave en zocht desbetreffende werkboekles op. Nu viel me pas op dat ik de tekst niet meer kon lezen. De kleine witte lettertjes op de gekleurde pagina\u2019s waren onduidelijk, en daarmee totaal onleesbaar geworden. \u201cMaar je kunt de tekst niet meer lezen!\u201d riep ik uit. Niemand hoorde mij. Iedereen zat gezellig met elkaar te praten en genoot van het feestje. Het leek niemand te zijn opgevallen dat de Cursus niet meer te lezen was. Ik zocht naarstig op de boekentafel naar een oude uitgave, met gewone zwarte letters op wit papier, maar die was niet meer te vinden. Waar ik ook keek, ik zag alleen nog gekleurde, nieuwe uitgaven&#8230;<\/p>\n<p>Dan word ik plotseling wakker. De droom beklijft nog even en geeft een onbehaaglijk gevoel: Jezus\u2019 boodschap die verdrinkt in leukigheid en gezelligheid&#8230; Hopelijk geen voorspellende droom&#8230;<\/p>\n<p>Intussen probeer ik te achterhalen wat ik precies te vergeven heb; w\u00e1t mijn allergische reactie op de Herceptin veroorzaakt heeft. Hoewel het een \u2018normaal\u2019 bijverschijnsel kan zijn, vertelt de Cursus duidelijk dat wij n\u00f3\u00f3it be\u00efnvloed kunnen worden door iets van buitenaf. Dat is alleen de \u2018trigger\u2019, die iets raakt wat van binnen zit en nog niet vergeven is.<br \/>\nIk heb me v\u00f3\u00f3r en tijdens de kuur bewust ingesteld op het ondergaan van deze reguliere behandeling en het in me opnemen van deze vreemde stof: een \u2018lichaamsvreemd eiwit\u2019. Dat heeft niet voldoende geholpen. De oorzaak moet dus dieper zitten. Mijn les was donderdag: \u201cVergeving is mijn functie als het licht van de wereld\u201d (les 62). Maar w\u00e1t moet ik vergeven?<\/p>\n<p>Tijdens een meditatie beginnen de inzichten spontaan binnen te vallen. Het gaat om die eiwitten. Voor Herceptin worden dierlijke eiwitten gebruikt, van ratten en muizen, heb ik gelezen. Ik merk dat ik dit medicijn onbewust met dierenleed associeer. Voor mijn geestesoog zie ik muizen en ratten, in erbarmelijke omstandigheden, die hun lichaam offeren om dit medicijn te maken. Nu kom ik bij mijn overtuiging: Door dit medicijn in mijn lichaam op te nemen, in mijn bloed zelfs, ben ik verantwoordelijk voor het lijden en de dood van talloze dieren. En dat staat me ontzettend tegen. Ik voel zelfs de koude rillingen terugkomen als ik hier contact mee maak.<br \/>\nIk geef mijn overtuiging meteen aan Jezus, die hem voor me corrigeert. Hij laat me zien dat deze kuur het doel van liefde dient, en een keuze uit liefde is. Het medicijn helpt om de kankercellen enigszins in toom te houden en zo tijd te rekken. Ik verbind mij in de denkgeest met de geofferde dieren, en zij geven mij de boodschap dat het voor hen helemaal in orde is dat hun lichaam dit doel dient. En ik ben niet verantwoordelijk voor hun lijden en dood, dat is een misvatting.<br \/>\nDat begrijp ik, dat voel ik ook. De nieuwe blik die ik krijg aangereikt is dat het een en al liefde is. Zelfs al komt dit medicijn voort uit een denksysteem waarin aanval en dood ruim vertegenwoordigd zijn, en waarmee ik me niet meer kan en wil verenigen, het nieuwe doel van de Heilige Geest heeft het middel geheiligd.<br \/>\nHet voelt daarna veel rustiger allemaal. Dit is de vergeving die ik nodig had.<\/p>\n<p style=\"padding-left: 30px;\">\u201c[De Heilige Geest] kan\u2026 de functie vervullen te herinterpreteren wat het ego maakt, niet door te vernietigen maar door te begrijpen\u201d (T5.III.7:4).<\/p>\n<p>&nbsp;<\/p>\n<p>&nbsp;<\/p>\n","protected":false},"excerpt":{"rendered":"<p>7 maart 2011 In het weekend herstel ik langzaam van de schok en probeer mijn normale ritme enigszins op te pakken. Na de heftige allergische reactie op de eerste infuuskuur en de hoge koorts, voel ik me nog steeds wat wazig, en ik heb veel behoefte aan slaap. \u2018s Nachts heb ik een vreemde droom [&hellip;]<\/p>\n","protected":false},"author":1,"featured_media":0,"parent":0,"menu_order":0,"comment_status":"closed","ping_status":"closed","template":"","meta":{"footnotes":""},"class_list":["post-213","page","type-page","status-publish","hentry"],"_links":{"self":[{"href":"https:\/\/ontwakeninliefde.nl\/index.php?rest_route=\/wp\/v2\/pages\/213","targetHints":{"allow":["GET"]}}],"collection":[{"href":"https:\/\/ontwakeninliefde.nl\/index.php?rest_route=\/wp\/v2\/pages"}],"about":[{"href":"https:\/\/ontwakeninliefde.nl\/index.php?rest_route=\/wp\/v2\/types\/page"}],"author":[{"embeddable":true,"href":"https:\/\/ontwakeninliefde.nl\/index.php?rest_route=\/wp\/v2\/users\/1"}],"replies":[{"embeddable":true,"href":"https:\/\/ontwakeninliefde.nl\/index.php?rest_route=%2Fwp%2Fv2%2Fcomments&post=213"}],"version-history":[{"count":2,"href":"https:\/\/ontwakeninliefde.nl\/index.php?rest_route=\/wp\/v2\/pages\/213\/revisions"}],"predecessor-version":[{"id":215,"href":"https:\/\/ontwakeninliefde.nl\/index.php?rest_route=\/wp\/v2\/pages\/213\/revisions\/215"}],"wp:attachment":[{"href":"https:\/\/ontwakeninliefde.nl\/index.php?rest_route=%2Fwp%2Fv2%2Fmedia&parent=213"}],"curies":[{"name":"wp","href":"https:\/\/api.w.org\/{rel}","templated":true}]}}